{"id":1567,"date":"2023-09-21T12:04:08","date_gmt":"2023-09-21T10:04:08","guid":{"rendered":"https:\/\/tunisiecolle.tn\/?post_type=product&#038;p=1567"},"modified":"2023-09-28T00:35:40","modified_gmt":"2023-09-27T22:35:40","slug":"colle-moquettes","status":"publish","type":"product","link":"https:\/\/tunisiecolle.tn\/index.php\/produit\/colle-moquettes\/","title":{"rendered":"Colle Moquettes"},"content":{"rendered":"<div class=\"wptb-table-container wptb-table-1722\"><div class=\"wptb-table-container-matrix\" id=\"wptb-table-id-1722\" data-wptb-version=\"1.4.15\" data-wptb-pro-status=\"false\"><table class=\"wptb-preview-table wptb-element-main-table_setting-1348\" data-reconstraction=\"1\" style=\"border: 1px solid rgb(209, 209, 209);\" data-wptb-table-tds-sum-max-width=\"262.40000000000003\" data-wptb-cells-width-auto-count=\"2\" data-wptb-horizontal-scroll-status=\"false\" data-wptb-extra-styles=\"LyogRW50ZXIgeW91ciBjdXN0b20gQ1NTIHJ1bGVzIGhlcmUgKi8=\" role=\"table\" data-table-columns=\"2\"><tbody><tr class=\"wptb-row\"><td class=\"wptb-cell\" data-y-index=\"0\" data-x-index=\"0\" style=\"border: 1px solid rgb(209, 209, 209);\" data-wptb-css-td-auto-width=\"true\"><div class=\"wptb-text-container wptb-ph-element wptb-element-text-597\" style=\"color: rgb(0, 0, 0); font-size: 15px;\"><div class=\"\" style=\"position: relative;\"><p>Famille<\/p><\/div><\/div><\/td><td class=\"wptb-cell\" data-y-index=\"0\" data-x-index=\"1\" style=\"border: 1px solid rgb(209, 209, 209);\" data-wptb-css-td-auto-width=\"true\"><div class=\"wptb-text-container wptb-ph-element wptb-element-text-598\" style=\"color: rgb(0, 0, 0); font-size: 15px;\"><div class=\"\" style=\"position: relative;\"><p>Tucodis<\/p><\/div><\/div><\/td><\/tr><tr class=\"wptb-row\" style=\"--hover-bg-color: undefined;\"><td class=\"wptb-cell\" data-y-index=\"1\" data-x-index=\"0\" style=\"border: 1px solid rgb(209, 209, 209);\" data-wptb-css-td-auto-width=\"true\"><div class=\"wptb-text-container wptb-ph-element wptb-element-text-599\"><div class=\"\" style=\"position: relative;\"><p>R&eacute;f&eacute;rence&nbsp;<\/p><\/div><\/div><\/td><td class=\"wptb-cell\" data-y-index=\"1\" data-x-index=\"1\" style=\"border: 1px solid rgb(209, 209, 209);\" data-wptb-css-td-auto-width=\"true\"><div class=\"wptb-text-container wptb-ph-element wptb-element-text-600\" style=\"color: rgb(0, 0, 0); font-size: 15px;\"><div class=\"\" style=\"position: relative;\"><p>AE800\/S<\/p><\/div><\/div><\/td><\/tr><tr class=\"wptb-row\" style=\"--hover-bg-color: undefined;\"><td class=\"wptb-cell\" data-y-index=\"2\" data-x-index=\"0\" style=\"border: 1px solid rgb(209, 209, 209);\" data-wptb-css-td-auto-width=\"true\"><div class=\"wptb-text-container wptb-ph-element wptb-element-text-605\" style=\"color: rgb(0, 0, 0); font-size: 15px;\"><div class=\"\" style=\"position: relative;\"><p>Emballage et conservation<\/p><\/div><\/div><\/td><td class=\"wptb-cell\" data-y-index=\"2\" data-x-index=\"1\" style=\"border: 1px solid rgb(209, 209, 209);\" data-wptb-css-td-auto-width=\"true\"><div class=\"wptb-list-container wptb-ph-element wptb-element-list-1\"><ul>            <li class=\"wptb-in-element\" style=\"margin-bottom: 0px;\">                <div class=\"wptb-list-item-content\" style=\"position: relative;\"><p data-list-style-type-index=\"1.\" style=\"color: #000000; font-size: 15px; text-align: left;\" class=\"wptb-list-style-type-disc\">Conditionnement: seau de 5kg, de 10kg, de 20kg<\/p><\/div>            <\/li>            <li class=\"wptb-in-element\" style=\"margin-bottom: 0px;\">                <div class=\"wptb-list-item-content\" style=\"position: relative;\"><p data-list-style-type-index=\"2.\" style=\"color: #000000; font-size: 15px; text-align: left;\" class=\"wptb-list-style-type-disc\">Stockage: 6mois dans son emballage d&rsquo;origine non ouvert, entre +5&deg;C et +30&deg;C.&nbsp;<\/p><\/div>            <\/li>                    <\/ul><\/div><\/td><\/tr><\/tbody><\/table><\/div><\/div>\n\n","protected":false},"excerpt":{"rendered":"<p>Colle dispersion aqueuse sp\u00e9cialement con\u00e7ue pour pose Moquette, facilement applicable \u00e0 la spatule sur b\u00e9ton, ciment, bois, sols plastiques sols textiles et sols en PVC. Adh\u00e9rence renforc\u00e9e et bonne r\u00e9sistance \u00e0 l\u2019humidit\u00e9<\/p>\n","protected":false},"featured_media":1569,"comment_status":"open","ping_status":"closed","template":"","meta":[],"product_cat":[24],"product_tag":[102,103,29],"class_list":{"0":"post-1567","1":"product","2":"type-product","3":"status-publish","4":"has-post-thumbnail","6":"product_cat-tucodis","7":"product_tag-colle-moquette","8":"product_tag-moquette","9":"product_tag-tucodis","11":"first","12":"instock","13":"shipping-taxable","14":"product-type-simple"},"_links":{"self":[{"href":"https:\/\/tunisiecolle.tn\/index.php\/wp-json\/wp\/v2\/product\/1567","targetHints":{"allow":["GET"]}}],"collection":[{"href":"https:\/\/tunisiecolle.tn\/index.php\/wp-json\/wp\/v2\/product"}],"about":[{"href":"https:\/\/tunisiecolle.tn\/index.php\/wp-json\/wp\/v2\/types\/product"}],"replies":[{"embeddable":true,"href":"https:\/\/tunisiecolle.tn\/index.php\/wp-json\/wp\/v2\/comments?post=1567"}],"wp:featuredmedia":[{"embeddable":true,"href":"https:\/\/tunisiecolle.tn\/index.php\/wp-json\/wp\/v2\/media\/1569"}],"wp:attachment":[{"href":"https:\/\/tunisiecolle.tn\/index.php\/wp-json\/wp\/v2\/media?parent=1567"}],"wp:term":[{"taxonomy":"product_cat","embeddable":true,"href":"https:\/\/tunisiecolle.tn\/index.php\/wp-json\/wp\/v2\/product_cat?post=1567"},{"taxonomy":"product_tag","embeddable":true,"href":"https:\/\/tunisiecolle.tn\/index.php\/wp-json\/wp\/v2\/product_tag?post=1567"}],"curies":[{"name":"wp","href":"https:\/\/api.w.org\/{rel}","templated":true}]}}