{"id":1411,"date":"2023-09-14T16:22:14","date_gmt":"2023-09-14T14:22:14","guid":{"rendered":"https:\/\/tunisiecolle.tn\/?post_type=product&#038;p=1411"},"modified":"2023-10-12T15:17:36","modified_gmt":"2023-10-12T13:17:36","slug":"colle-forte-cr-937-p","status":"publish","type":"product","link":"https:\/\/tunisiecolle.tn\/index.php\/produit\/colle-forte-cr-937-p\/","title":{"rendered":"Colle n\u00e9opr\u00e8ne CR 937\/P1"},"content":{"rendered":"<div class=\"wptb-table-container wptb-table-1413\"><div class=\"wptb-table-container-matrix\" id=\"wptb-table-id-1413\" data-wptb-version=\"1.4.15\" data-wptb-pro-status=\"false\"><table class=\"wptb-preview-table wptb-element-main-table_setting-1348\" data-reconstraction=\"1\" style=\"border: 1px solid rgb(209, 209, 209);\" data-wptb-table-tds-sum-max-width=\"262.40000000000003\" data-wptb-cells-width-auto-count=\"2\" data-wptb-horizontal-scroll-status=\"false\" data-wptb-extra-styles=\"LyogRW50ZXIgeW91ciBjdXN0b20gQ1NTIHJ1bGVzIGhlcmUgKi8=\" role=\"table\" data-table-columns=\"2\"><tbody><tr class=\"wptb-row\"><td class=\"wptb-cell\" data-y-index=\"0\" data-x-index=\"0\" style=\"border: 1px solid rgb(209, 209, 209);\" data-wptb-css-td-auto-width=\"true\"><div class=\"wptb-text-container wptb-ph-element wptb-element-text-597\" style=\"color: rgb(0, 0, 0); font-size: 15px;\"><div class=\"\" style=\"position: relative;\"><p>Famille<\/p><\/div><\/div><\/td><td class=\"wptb-cell\" data-y-index=\"0\" data-x-index=\"1\" style=\"border: 1px solid rgb(209, 209, 209);\" data-wptb-css-td-auto-width=\"true\"><div class=\"wptb-text-container wptb-ph-element wptb-element-text-598\" style=\"color: rgb(0, 0, 0); font-size: 15px;\"><div class=\"\" style=\"position: relative;\"><p>Tucopr&egrave;ne<\/p><\/div><\/div><\/td><\/tr><tr class=\"wptb-row\" style=\"--hover-bg-color: undefined;\"><td class=\"wptb-cell\" data-y-index=\"1\" data-x-index=\"0\" style=\"border: 1px solid rgb(209, 209, 209);\" data-wptb-css-td-auto-width=\"true\"><div class=\"wptb-text-container wptb-ph-element wptb-element-text-599\"><div class=\"\" style=\"position: relative;\"><p>R&eacute;f&eacute;rence&nbsp;<\/p><\/div><\/div><\/td><td class=\"wptb-cell\" data-y-index=\"1\" data-x-index=\"1\" style=\"border: 1px solid rgb(209, 209, 209);\" data-wptb-css-td-auto-width=\"true\"><div class=\"wptb-text-container wptb-ph-element wptb-element-text-600\" style=\"color: rgb(0, 0, 0); font-size: 15px;\"><div class=\"\" style=\"position: relative;\"><p>CR 937\/P1<\/p><\/div><\/div><\/td><\/tr><tr class=\"wptb-row\" style=\"--hover-bg-color: undefined;\"><td class=\"wptb-cell\" data-y-index=\"2\" data-x-index=\"0\" style=\"border: 1px solid rgb(209, 209, 209);\" data-wptb-css-td-auto-width=\"true\"><div class=\"wptb-text-container wptb-ph-element wptb-element-text-605\" style=\"color: rgb(0, 0, 0); font-size: 15px;\"><div class=\"\" style=\"position: relative;\"><p>Emballage et conservation<\/p><\/div><\/div><\/td><td class=\"wptb-cell\" data-y-index=\"2\" data-x-index=\"1\" style=\"border: 1px solid rgb(209, 209, 209);\" data-wptb-css-td-auto-width=\"true\"><div class=\"wptb-list-container wptb-ph-element wptb-element-list-1\"><ul>            <li class=\"wptb-in-element\" style=\"margin-bottom: 0px;\">                <div class=\"wptb-list-item-content\" style=\"position: relative;\"><p data-list-style-type-index=\"1.\" style=\"color: #000000; font-size: 15px; text-align: left;\" class=\"wptb-list-style-type-disc\">Conditionnement:&nbsp;Bidons de 10 litres<\/p><\/div>            <\/li>            <li class=\"wptb-in-element\" style=\"margin-bottom: 0px;\">                <div class=\"wptb-list-item-content\" style=\"position: relative;\"><p data-list-style-type-index=\"2.\" style=\"color: #000000; font-size: 15px; text-align: left;\" class=\"wptb-list-style-type-disc\">Stockage :&nbsp;12 mois maxi dans l&rsquo;emballage non ouvert &agrave; un temps. De + 10 &agrave; +30&deg;C<\/p><\/div>            <\/li>                    <\/ul><\/div><\/td><\/tr><\/tbody><\/table><\/div><\/div>\n\n","protected":false},"excerpt":{"rendered":"<p>Colle n\u00e9opr\u00e8ne pulv\u00e9risable \u00e0 prise initiale \u00e9lev\u00e9e particuli\u00e8rement adapt\u00e9e au collage de contact de tr\u00e8s nombreux mat\u00e9riaux dans diverses industries, notamment le mat\u00e9riel de transport, la chaussure, la maroquinerie ou l\u2019ameublement.<\/p>\n","protected":false},"featured_media":1662,"comment_status":"open","ping_status":"closed","template":"","meta":[],"product_cat":[76,27],"product_tag":[61,60,44],"class_list":{"0":"post-1411","1":"product","2":"type-product","3":"status-publish","4":"has-post-thumbnail","6":"product_cat-carrosserie_automobile","7":"product_cat-tucoprene","8":"product_tag-colle-forte-937","9":"product_tag-cr-937-p","10":"product_tag-tucoprene","12":"first","13":"instock","14":"shipping-taxable","15":"product-type-simple"},"_links":{"self":[{"href":"https:\/\/tunisiecolle.tn\/index.php\/wp-json\/wp\/v2\/product\/1411","targetHints":{"allow":["GET"]}}],"collection":[{"href":"https:\/\/tunisiecolle.tn\/index.php\/wp-json\/wp\/v2\/product"}],"about":[{"href":"https:\/\/tunisiecolle.tn\/index.php\/wp-json\/wp\/v2\/types\/product"}],"replies":[{"embeddable":true,"href":"https:\/\/tunisiecolle.tn\/index.php\/wp-json\/wp\/v2\/comments?post=1411"}],"wp:featuredmedia":[{"embeddable":true,"href":"https:\/\/tunisiecolle.tn\/index.php\/wp-json\/wp\/v2\/media\/1662"}],"wp:attachment":[{"href":"https:\/\/tunisiecolle.tn\/index.php\/wp-json\/wp\/v2\/media?parent=1411"}],"wp:term":[{"taxonomy":"product_cat","embeddable":true,"href":"https:\/\/tunisiecolle.tn\/index.php\/wp-json\/wp\/v2\/product_cat?post=1411"},{"taxonomy":"product_tag","embeddable":true,"href":"https:\/\/tunisiecolle.tn\/index.php\/wp-json\/wp\/v2\/product_tag?post=1411"}],"curies":[{"name":"wp","href":"https:\/\/api.w.org\/{rel}","templated":true}]}}